{"id":68,"date":"2020-12-09T19:22:42","date_gmt":"2020-12-09T17:22:42","guid":{"rendered":"http:\/\/abonovivo.com\/?page_id=68"},"modified":"2022-02-03T20:06:09","modified_gmt":"2022-02-03T18:06:09","slug":"elaboracion","status":"publish","type":"page","link":"https:\/\/abonovivo.com\/index.php\/elaboracion\/","title":{"rendered":"Elaboraci\u00f3n"},"content":{"rendered":"\n<p>Las materias primas que utilizamos para elaborar nuestro compost son los subproductos derivados de la actividad ganadera y el invernadero:<\/p>\n\n\n\n<p><strong>Esti\u00e9rcol:<\/strong> con restos de cama de paja procedente de la ganader\u00eda de bovino. Comprende el 60%-70% de la mezcla.<\/p>\n\n\n\n<p><strong>Restos vegetales de tomate<\/strong>: Restos de poda, destr\u00edos y planta muerta procedentes del invernadero, que alberga unas 70.000 plantas por cada ciclo semestral. 25%-35%<\/p>\n\n\n\n<p><strong>Perlita<\/strong>:&nbsp;que se recicla para compostar despu\u00e9s de su utilizaci\u00f3n como sustrato de cultivo.2,5%-5%<\/p>\n\n\n\n<p>De esta manera, conseguimos cerrar un ciclo optimizado que no solo deja la m\u00ednima huella posible en el medio ambiente, sino que tambi\u00e9n le devuelve a \u00e9ste gran parte de los insumos que han sido utilizados en el proceso, en forma de fertilizante org\u00e1nico.<\/p>\n\n\n\n<p>El suministro cont\u00ednuo y homog\u00e9neo de las materias primas nos ha permitido alcanzar un avanzado nivel &nbsp;de especializaci\u00f3n en el proceso y la consecuci\u00f3n de un compost natural de la m\u00e1xima calidad, con muy pocas referencias similares en nuestro &nbsp;pa\u00eds.<\/p>\n\n\n\n<figure class=\"wp-block-gallery has-nested-images columns-default is-cropped wp-block-gallery-1 is-layout-flex wp-block-gallery-is-layout-flex\">\n<figure class=\"wp-block-image size-large\"><img loading=\"lazy\" decoding=\"async\" width=\"225\" height=\"300\" data-id=\"73\" src=\"https:\/\/abonovivo.com\/wp-content\/uploads\/2020\/12\/IMG_20160125_153945-225x300-1.jpg\" alt=\"\" class=\"wp-image-73\" srcset=\"https:\/\/abonovivo.com\/wp-content\/uploads\/2020\/12\/IMG_20160125_153945-225x300-1.jpg 225w, https:\/\/abonovivo.com\/wp-content\/uploads\/2020\/12\/IMG_20160125_153945-225x300-1-113x150.jpg 113w\" sizes=\"auto, (max-width: 225px) 100vw, 225px\" \/><figcaption>El volteo favorece la actividad de los microorganismos <\/figcaption><\/figure>\n\n\n\n<figure class=\"wp-block-image size-large\"><img loading=\"lazy\" decoding=\"async\" width=\"300\" height=\"225\" data-id=\"72\" src=\"https:\/\/abonovivo.com\/wp-content\/uploads\/2020\/12\/IMG_20170321_124827-300x225-1.jpg\" alt=\"\" class=\"wp-image-72\" srcset=\"https:\/\/abonovivo.com\/wp-content\/uploads\/2020\/12\/IMG_20170321_124827-300x225-1.jpg 300w, https:\/\/abonovivo.com\/wp-content\/uploads\/2020\/12\/IMG_20170321_124827-300x225-1-150x113.jpg 150w\" sizes=\"auto, (max-width: 300px) 100vw, 300px\" \/><figcaption>Pila de cuatro meses <\/figcaption><\/figure>\n\n\n\n<figure class=\"wp-block-image size-large\"><img loading=\"lazy\" decoding=\"async\" width=\"300\" height=\"225\" data-id=\"77\" src=\"https:\/\/abonovivo.com\/wp-content\/uploads\/2020\/12\/Av1-produccin-300x225-1.jpg\" alt=\"\" class=\"wp-image-77\" srcset=\"https:\/\/abonovivo.com\/wp-content\/uploads\/2020\/12\/Av1-produccin-300x225-1.jpg 300w, https:\/\/abonovivo.com\/wp-content\/uploads\/2020\/12\/Av1-produccin-300x225-1-150x113.jpg 150w\" sizes=\"auto, (max-width: 300px) 100vw, 300px\" \/><figcaption>Pilas estabilizadas y refinadas antes de ser sometidas a tamizado<\/figcaption><\/figure>\n<\/figure>\n\n\n\n<p>El sistema de compostaje utilizado es en pilas volteadas, mediante volteadora mec\u00e1nica. Durante todo el proceso, se lleva a cabo un permanente monitoreo de los par\u00e1metros esenciales para su correcto desarrollo, esencialmente temperatura, humedad y ox\u00edgeno.<\/p>\n\n\n\n<p>Al mismo tiempo, se asegura&nbsp;la <strong>total destrucci\u00f3n de posibles pat\u00f3genos <\/strong>y semillas de <strong>malas hierbas<\/strong> mediante una fase term\u00f3fila en la que se alcanzan temperaturas pr\u00f3ximas&nbsp;a los 70\u00baC.<\/p>\n\n\n\n<p>Despu\u00e9s de aproximadamente 180 d\u00edas hasta la maduraci\u00f3n y estabilizaci\u00f3n total del producto, el proceso llega a su fin. Como resultado, tenemos un compost higienizado, con un color negro parduzco y un olor a tierra h\u00fameda caracter\u00edstico.<\/p>\n","protected":false},"excerpt":{"rendered":"<p>Las materias primas que utilizamos para elaborar nuestro compost son los subproductos derivados de la actividad ganadera y el invernadero: Esti\u00e9rcol: con restos de cama de paja procedente de la ganader\u00eda de bovino. Comprende el 60%-70% de la mezcla. Restos vegetales de tomate: Restos de poda, destr\u00edos y planta muerta&#8230;<\/p>\n<p class=\"continue-reading-button\"> <a class=\"continue-reading-link\" href=\"https:\/\/abonovivo.com\/index.php\/elaboracion\/\">Continue reading<i class=\"crycon-right-dir\"><\/i><\/a><\/p>\n","protected":false},"author":1,"featured_media":0,"parent":0,"menu_order":0,"comment_status":"closed","ping_status":"closed","template":"","meta":{"footnotes":""},"class_list":["post-68","page","type-page","status-publish","hentry"],"_links":{"self":[{"href":"https:\/\/abonovivo.com\/index.php\/wp-json\/wp\/v2\/pages\/68","targetHints":{"allow":["GET"]}}],"collection":[{"href":"https:\/\/abonovivo.com\/index.php\/wp-json\/wp\/v2\/pages"}],"about":[{"href":"https:\/\/abonovivo.com\/index.php\/wp-json\/wp\/v2\/types\/page"}],"author":[{"embeddable":true,"href":"https:\/\/abonovivo.com\/index.php\/wp-json\/wp\/v2\/users\/1"}],"replies":[{"embeddable":true,"href":"https:\/\/abonovivo.com\/index.php\/wp-json\/wp\/v2\/comments?post=68"}],"version-history":[{"count":6,"href":"https:\/\/abonovivo.com\/index.php\/wp-json\/wp\/v2\/pages\/68\/revisions"}],"predecessor-version":[{"id":177,"href":"https:\/\/abonovivo.com\/index.php\/wp-json\/wp\/v2\/pages\/68\/revisions\/177"}],"wp:attachment":[{"href":"https:\/\/abonovivo.com\/index.php\/wp-json\/wp\/v2\/media?parent=68"}],"curies":[{"name":"wp","href":"https:\/\/api.w.org\/{rel}","templated":true}]}}