{"id":172,"date":"2022-02-03T19:47:21","date_gmt":"2022-02-03T17:47:21","guid":{"rendered":"https:\/\/abonovivo.com\/?page_id=172"},"modified":"2022-02-03T19:48:30","modified_gmt":"2022-02-03T17:48:30","slug":"asesoria-agricola","status":"publish","type":"page","link":"https:\/\/abonovivo.com\/index.php\/asesoria-agricola\/","title":{"rendered":"Asesor\u00eda agr\u00edcola"},"content":{"rendered":"\n<p>Implantaci\u00f3n de certificaciones GLOBAL GAP 5.3 Y 5.4, gesti\u00f3n documental, elaboraci\u00f3n de informes, creacci\u00f3n de registros, etc.<\/p>\n\n\n\n<p>Planes de abonado en cultivo al aire libre e invernadero. Seguimiento de cultivos, recomendaciones de tratamiento.<\/p>\n\n\n\n<p>Elaboraci\u00f3n de Cuadernos de Campo.<\/p>\n\n\n\n<p>Desarrollo de charlas con el fin de fomentar el uso de abonos de origen org\u00e1nico.<\/p>\n\n\n\n<h2 class=\"has-text-color wp-block-heading\" id=\"el-mejor-compost-para-la-vida\" style=\"color:#2c604d\"><em>El mejor compost para la vida<\/em><\/h2>\n\n\n\n<p><\/p>\n","protected":false},"excerpt":{"rendered":"<p>Implantaci\u00f3n de certificaciones GLOBAL GAP 5.3 Y 5.4, gesti\u00f3n documental, elaboraci\u00f3n de informes, creacci\u00f3n de registros, etc. Planes de abonado en cultivo al aire libre e invernadero. Seguimiento de cultivos, recomendaciones de tratamiento. Elaboraci\u00f3n de Cuadernos de Campo. Desarrollo de charlas con el fin de fomentar el uso de abonos&#8230;<\/p>\n<p class=\"continue-reading-button\"> <a class=\"continue-reading-link\" href=\"https:\/\/abonovivo.com\/index.php\/asesoria-agricola\/\">Continue reading<i class=\"crycon-right-dir\"><\/i><\/a><\/p>\n","protected":false},"author":1,"featured_media":0,"parent":0,"menu_order":0,"comment_status":"closed","ping_status":"closed","template":"","meta":{"footnotes":""},"class_list":["post-172","page","type-page","status-publish","hentry"],"_links":{"self":[{"href":"https:\/\/abonovivo.com\/index.php\/wp-json\/wp\/v2\/pages\/172","targetHints":{"allow":["GET"]}}],"collection":[{"href":"https:\/\/abonovivo.com\/index.php\/wp-json\/wp\/v2\/pages"}],"about":[{"href":"https:\/\/abonovivo.com\/index.php\/wp-json\/wp\/v2\/types\/page"}],"author":[{"embeddable":true,"href":"https:\/\/abonovivo.com\/index.php\/wp-json\/wp\/v2\/users\/1"}],"replies":[{"embeddable":true,"href":"https:\/\/abonovivo.com\/index.php\/wp-json\/wp\/v2\/comments?post=172"}],"version-history":[{"count":2,"href":"https:\/\/abonovivo.com\/index.php\/wp-json\/wp\/v2\/pages\/172\/revisions"}],"predecessor-version":[{"id":174,"href":"https:\/\/abonovivo.com\/index.php\/wp-json\/wp\/v2\/pages\/172\/revisions\/174"}],"wp:attachment":[{"href":"https:\/\/abonovivo.com\/index.php\/wp-json\/wp\/v2\/media?parent=172"}],"curies":[{"name":"wp","href":"https:\/\/api.w.org\/{rel}","templated":true}]}}