{"id":10,"date":"2020-12-02T17:05:27","date_gmt":"2020-12-02T15:05:27","guid":{"rendered":"http:\/\/abonovivo.com\/?page_id=10"},"modified":"2025-03-11T13:46:01","modified_gmt":"2025-03-11T11:46:01","slug":"abono-vivo-abono-natural-organico","status":"publish","type":"page","link":"https:\/\/abonovivo.com\/","title":{"rendered":"Abono Vivo \u00ae Compost e insumos para la agricultura."},"content":{"rendered":"<p class=\"entry-title\">\n<div class=\"entry-content\">\n<p><strong>APAYCACHANA-6, S.L.<\/strong> se ubica a los pies del basti\u00f3n sur de la cordillera Cant\u00e1brica, a pocos kil\u00f3metros de los Picos de Europa.<\/p>\n<p>En nuestras actividades, enmarcadas en el sector agropecuario, agregamos valor a productos procedentes de la industria el\u00e9ctrica, ganadera y agroalimentaria bajo tres marcas registradas:<\/p>\n<p><strong>Cisener<\/strong> <strong>\u00ae<\/strong> Planta de cogeneraci\u00f3n de 7,6 Mw.<\/p>\n<p><strong>Nuesta Huertina<\/strong> <strong>\u00ae<\/strong> Invernadero hidrop\u00f3nico de 4 Ha, donde cultivamos tomate para su venta en fresco.<\/p>\n<p><strong>Abono Vivo \u00ae<\/strong> Planta de compostaje para el procesamiento de esti\u00e9rcol procedente de la ganader\u00eda de cebo de vacuno con capacidad para 12.000 reses y restos vegetales procedentes del invernadero. Con una capacidad de proceso de hasta 100.000 toneladas anuales.<\/p>\n<\/p>\n<\/div>\n\n\n<figure class=\"wp-block-video\"><video controls src=\"https:\/\/abonovivo.com\/wp-content\/uploads\/2022\/02\/Abono-Vivo.mp4\"><\/video><\/figure>\n\n\n\n<h2 class=\"wp-block-heading has-text-color\" id=\"el-mejor-compost-para-la-vida\" style=\"color:#2c604d\"><em>El mejor compost para la vida<\/em><\/h2>\n\n\n\n<figure class=\"wp-block-image size-large\"><a href=\"https:\/\/abonovivo.com\/wp-content\/uploads\/2025\/03\/catalogo_productos_servicios.pdf\" target=\"_blank\" rel=\"noopener\"><img loading=\"lazy\" decoding=\"async\" width=\"1024\" height=\"144\" src=\"https:\/\/abonovivo.com\/wp-content\/uploads\/2023\/09\/banner-firma-apaycachana-1024x144.jpg\" alt=\"\" class=\"wp-image-184\" srcset=\"https:\/\/abonovivo.com\/wp-content\/uploads\/2023\/09\/banner-firma-apaycachana-1024x144.jpg 1024w, https:\/\/abonovivo.com\/wp-content\/uploads\/2023\/09\/banner-firma-apaycachana-300x42.jpg 300w, https:\/\/abonovivo.com\/wp-content\/uploads\/2023\/09\/banner-firma-apaycachana-768x108.jpg 768w, https:\/\/abonovivo.com\/wp-content\/uploads\/2023\/09\/banner-firma-apaycachana-150x21.jpg 150w, https:\/\/abonovivo.com\/wp-content\/uploads\/2023\/09\/banner-firma-apaycachana.jpg 1135w\" sizes=\"auto, (max-width: 1024px) 100vw, 1024px\" \/><\/a><\/figure>\n\n\n\n<p><\/p>\n","protected":false},"excerpt":{"rendered":"<p>APAYCACHANA-6, S.L. se ubica a los pies del basti\u00f3n sur de la cordillera Cant\u00e1brica, a pocos kil\u00f3metros de los Picos de Europa. En nuestras actividades, enmarcadas en el sector agropecuario, agregamos valor a productos procedentes de la industria el\u00e9ctrica, ganadera y agroalimentaria bajo tres marcas registradas: Cisener \u00ae Planta de&#8230;<\/p>\n<p class=\"continue-reading-button\"> <a class=\"continue-reading-link\" href=\"https:\/\/abonovivo.com\/\">Continue reading<i class=\"crycon-right-dir\"><\/i><\/a><\/p>\n","protected":false},"author":1,"featured_media":0,"parent":0,"menu_order":0,"comment_status":"closed","ping_status":"closed","template":"","meta":{"footnotes":""},"class_list":["post-10","page","type-page","status-publish","hentry"],"_links":{"self":[{"href":"https:\/\/abonovivo.com\/index.php\/wp-json\/wp\/v2\/pages\/10","targetHints":{"allow":["GET"]}}],"collection":[{"href":"https:\/\/abonovivo.com\/index.php\/wp-json\/wp\/v2\/pages"}],"about":[{"href":"https:\/\/abonovivo.com\/index.php\/wp-json\/wp\/v2\/types\/page"}],"author":[{"embeddable":true,"href":"https:\/\/abonovivo.com\/index.php\/wp-json\/wp\/v2\/users\/1"}],"replies":[{"embeddable":true,"href":"https:\/\/abonovivo.com\/index.php\/wp-json\/wp\/v2\/comments?post=10"}],"version-history":[{"count":22,"href":"https:\/\/abonovivo.com\/index.php\/wp-json\/wp\/v2\/pages\/10\/revisions"}],"predecessor-version":[{"id":196,"href":"https:\/\/abonovivo.com\/index.php\/wp-json\/wp\/v2\/pages\/10\/revisions\/196"}],"wp:attachment":[{"href":"https:\/\/abonovivo.com\/index.php\/wp-json\/wp\/v2\/media?parent=10"}],"curies":[{"name":"wp","href":"https:\/\/api.w.org\/{rel}","templated":true}]}}